{"id":21,"date":"2023-10-03T09:17:57","date_gmt":"2023-10-03T07:17:57","guid":{"rendered":"https:\/\/inzeweb.net\/dpdf\/?page_id=21"},"modified":"2023-10-03T09:18:25","modified_gmt":"2023-10-03T07:18:25","slug":"signataires-signatories","status":"publish","type":"page","link":"https:\/\/inzeweb.net\/dpdf\/signataires-signatories\/","title":{"rendered":"Signataires\/signatories"},"content":{"rendered":"\n<p>Mohan Kumar <strong>ANANT<\/strong> (Inde) Terry <strong>ANDERSON <\/strong>(\u00c9cosse) <strong>ANTH (<\/strong>Royaume-Uni) <strong>ANTONIO<\/strong> (Portugal) Diego <strong>ARANEGA<\/strong> (France) Wissam <strong>ASAAD<\/strong> (Syrie) Ahad <strong>AVARIDEH<\/strong> (Iran) <strong>BADO <\/strong>(Canada) Serge <strong>BAEKEN<\/strong> (Belgique) Pierre <strong>BALLOUHEY<\/strong> (France) Thierry <strong>BARRIGUE<\/strong> (Suisse) Laurent <strong>BATTISTINI<\/strong> (France) <strong>BAUER<\/strong> (France) Philippe <strong>BAUMANN<\/strong> (Suisse) Dhanush <strong>BELLAPU<\/strong> (Inde) Jean-Jacques <strong>BELTRAMO<\/strong> (France) Naji <strong>BENAJI<\/strong> (Maroc) <strong>B\u00c9N\u00c9DICTE<\/strong> (Suisse) Alain Julien <strong>BENITEZ<\/strong> (France) <strong>BERTH<\/strong> (France) C\u00e9cile <strong>BERTRAND<\/strong> (Belgique) Camille <strong>BESSE<\/strong> (France) <strong>BIZ<\/strong> (France) St\u00e9phanie <strong>BLUESTEIN<\/strong> (\u00c9tats-Unis) Dominique <strong>BOLL <\/strong>(France) Zachary <strong>BORROMEO<\/strong> (Philippines) Brett <strong>BOWER<\/strong> (Australie) <strong>BRITO<\/strong> (France) Anders <strong>BR\u00d8NSERUD<\/strong> (Danemark) Josua <strong>CABRERA<\/strong> (Philippines) <strong>CAFFA<\/strong> (France) Daryl <strong>CAGLE<\/strong> (\u00c9tats-Unis) \u00c9ric <strong>CALMELS<\/strong> (France) Michel <strong>CAMBON <\/strong>(France) Mendozza <strong>CARAMBA<\/strong> (C\u00f4te d\u2019Ivoire) <strong>CARO<\/strong> (Suisse) Maribel <strong>CAROD<\/strong> (Espagne) Yuval <strong>CASPI<\/strong> (Isra\u00ebl) Andr\u00e9 Philippe <strong>C\u00d4T\u00c9<\/strong> (Canada) Abdelghani <strong>DAHDOUH<\/strong> (Maroc) Chakravarthi <strong>D.S<\/strong> (Inde) Philippe <strong>DECRESSAC <\/strong>(Belgique) Fr\u00e9d\u00e9ric <strong>DELIGNE<\/strong> (France) Nadia <strong>DAHB<\/strong> (Tunisie) Vincent <strong>DI SILVESTRO<\/strong> (Suisse) Raphael <strong>DONAY<\/strong> (Belgique) Liza <strong>DONNELLY <\/strong>(\u00c9tats-Unis) Kim <strong>DUCHATEAU <\/strong>(Belgique) Wim <strong>DUFRAING <\/strong>(Belgique) Jordi <strong>DURO<\/strong> (Andorre) <strong>ELCHICOTRISTE <\/strong>(Espagne) <strong>ERMENGOL <\/strong>(Catalogne-Espagne) Nicola <strong>FACCIN <\/strong>(Italie) Alex <strong>FALCO CHANG<\/strong> (Cuba) Christophe <strong>FARAUT<\/strong> (France) Alexandre <strong>FAURE<\/strong> (France) <strong>FERRAN <\/strong>(Espagne) Miquel <strong>FERRERES <\/strong>(Espagne) Uri <strong>FINK<\/strong> (Isra\u00ebl) Olivier <strong>GANAN <\/strong>(France) Vasco <strong>GARGALO <\/strong>(Portugal) <strong>GLEZ <\/strong>(Burkina Faso) Xavier <strong>GORCE<\/strong> (France) Alain <strong>GOUTAL<\/strong> (France) <strong>GRAS <\/strong>(Catalogne-Espagne) Pascal <strong>GROS<\/strong> (France) Khalid <strong>GUEDDAR<\/strong> (Maroc) Joan J. <strong>GUILLEN <\/strong>(Espagne) <strong>HARCA <\/strong>(Espagne) Ali <strong>HAMRA (<\/strong>Syrie) Riber <strong>HANSSON <\/strong>(Suisse) Vincente <strong>HARDY <\/strong>(France) Jimmy <strong>HOSTENS <\/strong>(Belgique) Emilio <strong>ISCA <\/strong>(Italie) <strong>IZEL <\/strong>(Turquie) <strong>JAP <\/strong>(Espagne) Jean-Pierre <strong>JEPIDA <\/strong>(France) Olivier <strong>JIHO<\/strong> (France) <strong>KAP <\/strong>(Espagne) <strong>KATS <\/strong>(Isra\u00ebl) Bob <strong>KATZENELSON (<\/strong>Danemark) Dan <strong>KNUDSEN <\/strong>(Danemark) <strong>KROKUS<\/strong> (France) Firuz <strong>KUTAL (<\/strong>Norv\u00e8ge) <strong>L\u2019AVI <\/strong>(Espagne) <strong>LAPLACE <\/strong>(France) Marc <strong>LARGE <\/strong>(France) Etienne <strong>LECROART <\/strong>(France) Steven <strong>LECTRR <\/strong>(Belgique) <strong>LEFRED-THOURON <\/strong>(France) Jac <strong>LELI\u00c8VRE <\/strong>(France) Alfonso <strong>LOPEZ <\/strong>(Espagne) Vic <strong>MACKENZIE<\/strong>(\u00c9tats-Unis) R\u00e9mi <strong>MALINGREY<\/strong> (France) <strong>MAN<\/strong> (France) <strong>MANEL F<\/strong> (Espagne) J.L. <strong>MARTIN <\/strong>(Espagne) Tym <strong>MASQ <\/strong>(France) Menouar <strong>MERABTENE <\/strong>(Alg\u00e9rie) Guy <strong>MICHEL <\/strong>(France) Albert <strong>MONTEYS<\/strong> (Espagne) Jim <strong>MORIN <\/strong>(\u00c9tats-Unis) <strong>MYKA\u00efA <\/strong>(France) Venkata Ramana Murthy <strong>NAGISETTY <\/strong>(Inde) Richard <strong>NAGY <\/strong>(France) Marilena <strong>NARDI <\/strong>(Italie) Surendra <strong>NATH <\/strong>(Inde) Tawfiq <strong>OMRANE<\/strong> (Tunisie) <strong>O, SEKOER <\/strong>(Belgique) Floris <strong>OUDSHOORN <\/strong>(Pays-Bas) Albert <strong>PALLARES <\/strong>(Espagne) <strong>PANCHO<\/strong> (France) Igor <strong>PARATTE <\/strong>(Suisse) <strong>PARESH <\/strong>(Inde) Stephane <strong>PERAY<\/strong> (Tha\u00eflande) Ricardo <strong>PEREGRINAMUNOZ <\/strong>(Espagne) Denis <strong>PESSIN <\/strong>(France) Ren\u00e9 <strong>PETILLON<\/strong> (France) Erik <strong>PETRI <\/strong>(Danemark) Patrick <strong>PINTER <\/strong>(France) Benjamin <strong>PIRON<\/strong> (France) <strong>PITCH<\/strong> (Suisse) <strong>PLANTU<\/strong> (France) Sylvain <strong>PONGI <\/strong>(France) Semith <strong>POROY<\/strong> (Turquie) <strong>POV (<\/strong>Madagascar) Llu\u00eds <strong>PUIGBERT<\/strong> (Espagne) <strong>RAKKATAK <\/strong>(Espagne) <strong>RAP\u00c9<\/strong> (Mexique) Njaranirina Lovanirainy <strong>RATIANALISON <\/strong>(Madagascar) Patrick <strong>REDON <\/strong>(France) Lars <strong>REFN<\/strong> (Danemark) Brandan <strong>REYNOLDS <\/strong>(Afrique du Sud) <strong>RIC ET RAC<\/strong> (France) Antonio <strong>RODRIGUEZ<\/strong> (Mexique) Michel <strong>ROMAN <\/strong>(France) <strong>ROMEU <\/strong>(Espagne) <strong>ROUSSO <\/strong>(France) Tjeerd <strong>ROYAARDS<\/strong> (Pays-Bas) Prashant <strong>SABNIS<\/strong> (Inde) Ugo <strong>SAJINI<\/strong> (Italie) <strong>SAMPAIO <\/strong>(Portugal) Ohannes <strong>SASKAL<\/strong> (Turquie) <strong>SAVIGNAC<\/strong> (France) Olivier <strong>SCHMIDT <\/strong>(France) Demirel <strong>SELCUK (<\/strong>France) Aghaseyedhosseini <strong>SEYEDMEYSAM (<\/strong>Iran) <strong>SOULAS<\/strong> (France) Thibaut <strong>SOULCIE<\/strong> (France) <strong>SPAKMAN<\/strong> (Pays-Bas) St\u00e9phane <strong>TORALDO <\/strong>(France) <strong>TRES<\/strong> (Espagne) Nicolas <strong>VADOT <\/strong>(Belgique) Jeroen <strong>VANSTIPHOUT<\/strong> (Belgique) Nicolas <strong>VIAL<\/strong> (France) Arjen <strong>VRIEZEKOLK<\/strong> (Pays-Bas) <strong>WILLIS FROM TUNIS<\/strong> (Tunisie) Gottiparthi <strong>YADAGIRIRAO <\/strong>(Inde) Didier <strong>ZUILI <\/strong>(France).<\/p>\n","protected":false},"excerpt":{"rendered":"<p>Mohan Kumar ANANT (Inde) Terry ANDERSON (\u00c9cosse) ANTH (Royaume-Uni) ANTONIO (Portugal) Diego ARANEGA (France) Wissam ASAAD (Syrie) Ahad AVARIDEH (Iran) BADO (Canada) Serge BAEKEN (Belgique) Pierre BALLOUHEY (France) Thierry BARRIGUE (Suisse) Laurent BATTISTINI (France) BAUER (France) Philippe BAUMANN (Suisse) Dhanush BELLAPU (Inde) Jean-Jacques BELTRAMO (France) Naji BENAJI (Maroc) B\u00c9N\u00c9DICTE (Suisse) Alain Julien BENITEZ (France) BERTH &#8230; <a title=\"Signataires\/signatories\" class=\"read-more\" href=\"https:\/\/inzeweb.net\/dpdf\/signataires-signatories\/\" aria-label=\"En savoir plus sur Signataires\/signatories\">Lire plus<\/a><\/p>\n","protected":false},"author":4,"featured_media":0,"parent":0,"menu_order":0,"comment_status":"closed","ping_status":"closed","template":"","meta":{"footnotes":""},"class_list":["post-21","page","type-page","status-publish"],"_links":{"self":[{"href":"https:\/\/inzeweb.net\/dpdf\/wp-json\/wp\/v2\/pages\/21","targetHints":{"allow":["GET"]}}],"collection":[{"href":"https:\/\/inzeweb.net\/dpdf\/wp-json\/wp\/v2\/pages"}],"about":[{"href":"https:\/\/inzeweb.net\/dpdf\/wp-json\/wp\/v2\/types\/page"}],"author":[{"embeddable":true,"href":"https:\/\/inzeweb.net\/dpdf\/wp-json\/wp\/v2\/users\/4"}],"replies":[{"embeddable":true,"href":"https:\/\/inzeweb.net\/dpdf\/wp-json\/wp\/v2\/comments?post=21"}],"version-history":[{"count":1,"href":"https:\/\/inzeweb.net\/dpdf\/wp-json\/wp\/v2\/pages\/21\/revisions"}],"predecessor-version":[{"id":22,"href":"https:\/\/inzeweb.net\/dpdf\/wp-json\/wp\/v2\/pages\/21\/revisions\/22"}],"wp:attachment":[{"href":"https:\/\/inzeweb.net\/dpdf\/wp-json\/wp\/v2\/media?parent=21"}],"curies":[{"name":"wp","href":"https:\/\/api.w.org\/{rel}","templated":true}]}}