{"id":9,"date":"2023-10-03T08:28:52","date_gmt":"2023-10-03T06:28:52","guid":{"rendered":"https:\/\/inzeweb.net\/dpdf\/?page_id=9"},"modified":"2023-10-03T08:39:06","modified_gmt":"2023-10-03T06:39:06","slug":"declaration-dadis-abeba","status":"publish","type":"page","link":"https:\/\/inzeweb.net\/dpdf\/","title":{"rendered":"D\u00e9claration d\u2019Adis Abeba"},"content":{"rendered":"\n<h2 class=\"wp-block-heading\"><strong>Pour la reconnaissance du dessin de presse comme un droit fondamental<\/strong><\/h2>\n\n\n\n<p><strong>Nous, les signataires de cette d\u00e9claration \u00ab Pour la reconnaissance du dessin de presse comme un droit fondamental \u00bb, r\u00e9unis ou repr\u00e9sent\u00e9s \u00e0 Addis-Abeba le 3 mai 2019 lors de la Journ\u00e9e mondiale de la libert\u00e9 de la presse 2019 (World Press Freedom Day 2019) de l\u2019UNESCO,<\/strong><\/p>\n\n\n\n<p>Rappelant que le dessin, l\u2019illustration, la peinture, le graff\u2026 forment un langage sp\u00e9cifique et universel, celui de l\u2019image, pr\u00e9sent \u00e0 travers toutes les cultures d\u00e8s l\u2019aube de l\u2019humanit\u00e9 et t\u00e9moin de l\u2019Histoire de l\u2019Homme.<\/p>\n\n\n\n<p>Rappelant que comme tout langage, l\u2019image exprime \u00e0 la fois le commun comme les particularit\u00e9s, tant culturelles qu\u2019individuelles : la singularit\u00e9 d\u2019une culture comme la subjectivit\u00e9 du point de vue de l\u2019artiste. Sa diversit\u00e9 traduit la richesse et la vitalit\u00e9 d\u2019une soci\u00e9t\u00e9 d\u00e9mocratique. Elle est constitutive de la culture et donc de l\u2019Humanit\u00e9-m\u00eame.<\/p>\n\n\n\n<p>Rappelant que la libert\u00e9 de son expression est donc un marqueur essentiel de la qualit\u00e9 du vivre ensemble et une condition indispensable au droit d\u2019opinion et \u00e0 la libert\u00e9 de conscience, ainsi que de leur expression inscrits dans la D\u00e9claration des Droits de l\u2019Homme.<\/p>\n\n\n\n<p>Rappelant que le dessin de presse, qui prend son essor dans nos soci\u00e9t\u00e9s \u00ab modernes \u00bb au 19e si\u00e8cle, est l\u2019un des h\u00e9ritiers et l\u2019une des formes de ce langage de l\u2019image. En racontant son \u00e9poque, le dessinateur de presse peut mettre en lumi\u00e8re des d\u00e9bats ou des ph\u00e9nom\u00e8nes \u00e9mergents. Il peut m\u00eame constituer un v\u00e9ritable contrepouvoir : la libert\u00e9 de critiquer un gouvernement ou une institution quelle qu\u2019elle soit est l\u2019affirmation du droit de regard du citoyen sur les affaires publiques. Ce droit de regard est le socle de la d\u00e9mocratie.<\/p>\n\n\n\n<p>Rappelant que le dessin de presse est un moyen d\u2019expression qui n\u00e9cessite une attention sp\u00e9cifique du fait de sa singularit\u00e9 : il s\u2019agit d\u2019un moyen d\u2019expression qui repose sur une connivence suppos\u00e9e entre le dessinateur et le lecteur. Cette connivence est bas\u00e9e sur des codes de langage et notamment l\u2019humour, la d\u00e9rision, la r\u00e9flexion, la satire, l\u2019exag\u00e9ration, l\u2019ironie ou la m\u00e9taphore\u2026 Ce moyen d\u2019expression est donc particuli\u00e8rement sujet \u00e0 l\u2019interpr\u00e9tation subjective. Le d\u00e9veloppement d\u2019internet, qui a rendu la circulation du dessin de presse mondiale et instantan\u00e9e, favorisant ainsi sa d\u00e9-contextualisation, a aliment\u00e9 les crispations et les ressentis autour de ce moyen d\u2019expression.<\/p>\n\n\n\n<p>Rappelant que la libert\u00e9 du dessin de presse est aujourd\u2019hui encore particuli\u00e8rement menac\u00e9e. Les rapports de Cartooning for Peace, Human Rights Watch, de la F\u00e9d\u00e9ration Internationale des ligues des droits de l\u2019Homme ou de Reporters sans Fronti\u00e8res alertent sur la situation de dessinateurs de presse victimes de censures, de poursuites judiciaires, de licenciements abusifs, d\u2019emprisonnements ou de menaces de mort.<\/p>\n\n\n\n<p>Exprimant nos remerciements au Gouvernement de la R\u00e9publique d\u00e9mocratique f\u00e9d\u00e9rale d\u2019\u00c9thiopie, \u00e0 l\u2019Union Africaine, \u00e0 l\u2019UNESCO et \u00e0 Cartooning For Peace pour la contribution \u00e0 l\u2019organisation de ce s\u00e9minaire et au processus de la d\u00e9claration. L\u2019UNESCO oeuvre pour la paix et pour que chaque citoyen du monde puisse jouir d\u2019une libert\u00e9 d\u2019expression pleine et enti\u00e8re, socle de la d\u00e9mocratie, du d\u00e9veloppement et de la dignit\u00e9 humaine. Dans le cadre de ce combat pour la paix et la libert\u00e9 d\u2019expression, elle promeut et soutient la libert\u00e9 de la presse en g\u00e9n\u00e9ral et la libert\u00e9 du dessin de presse en particulier.<\/p>\n\n\n\n<p><strong>D\u00e9clarons ce qui suit :<\/strong><\/p>\n\n\n\n<ol class=\"wp-block-list\">\n<li><strong>Nous rappelons solennellement que la libert\u00e9 de dessiner est un droit fondamental <\/strong>inscrit dans l\u2019article 19 de la D\u00e9claration universelle des Droits de l\u2019Homme, aux termes duquel \u00ab tout individu a droit \u00e0 la libert\u00e9 d\u2019opinion et d\u2019expression, ce qui implique le droit \u00e0 ne pas \u00eatre inqui\u00e9t\u00e9 pour ses opinions et celui de chercher, de recevoir et de r\u00e9pandre, sans consid\u00e9ration de fronti\u00e8res, les informations et les id\u00e9es par quelque moyen d\u2019expression que ce soit \u00bb. De m\u00eame, la r\u00e9solution 25 C \/104 de la Conf\u00e9rence G\u00e9n\u00e9rale de l\u2019UNESCO de 1989 rappelle le droit \u00e0 \u00ab la libre circulation des id\u00e9es par le mot et par l\u2019image aux niveaux international et national \u00bb.<\/li>\n\n\n\n<li><strong>Nous rappelons le droit intangible \u00e0 l\u2019int\u00e9grit\u00e9 physique du dessinateur de presse <\/strong>et notre opposition \u00e0 toute menace ou pression de quelque nature que ce soit envers le dessinateur ou la dessinatrice de presse. Nous proposons qu\u2019un rapport sp\u00e9cifique soit remis chaque ann\u00e9e \u00e0 la Direction G\u00e9n\u00e9rale de l\u2019UNESCO et transmis aux Etats membres.<\/li>\n\n\n\n<li>Nous appelons les Etats et la communaut\u00e9 internationale \u00e0 <strong>ouvrir des processus de discussions et de r\u00e9flexions sur \u00ab le droit \u00e0 la satire et \u00e0 l\u2019irr\u00e9v\u00e9rence \u00bb<\/strong>.<\/li>\n\n\n\n<li>Nous reprenons \u00e0 notre compte l\u2019initiative envisag\u00e9e par plusieurs organisations de presse et nous demandons \u00e0 l\u2019UNESCO de <strong>consacrer une journ\u00e9e mondiale du dessin de presse<\/strong>.&nbsp;<\/li>\n\n\n\n<li>Nous demandons \u00e0 la Direction G\u00e9n\u00e9rale de l\u2019UNESCO de <strong>transmettre cette pr\u00e9sente d\u00e9claration \u00e0 la communaut\u00e9 internationale lors de la prochaine Conf\u00e9rence g\u00e9n\u00e9rale de l\u2019UNESCO<\/strong>.<\/li>\n<\/ol>\n","protected":false},"excerpt":{"rendered":"<p>Pour la reconnaissance du dessin de presse comme un droit fondamental Nous, les signataires de cette d\u00e9claration \u00ab Pour la reconnaissance du dessin de presse comme un droit fondamental \u00bb, r\u00e9unis ou repr\u00e9sent\u00e9s \u00e0 Addis-Abeba le 3 mai 2019 lors de la Journ\u00e9e mondiale de la libert\u00e9 de la presse 2019 (World Press Freedom Day &#8230; <a title=\"D\u00e9claration d\u2019Adis Abeba\" class=\"read-more\" href=\"https:\/\/inzeweb.net\/dpdf\/\" aria-label=\"En savoir plus sur D\u00e9claration d\u2019Adis Abeba\">Lire plus<\/a><\/p>\n","protected":false},"author":4,"featured_media":0,"parent":0,"menu_order":0,"comment_status":"closed","ping_status":"closed","template":"","meta":{"footnotes":""},"class_list":["post-9","page","type-page","status-publish"],"_links":{"self":[{"href":"https:\/\/inzeweb.net\/dpdf\/wp-json\/wp\/v2\/pages\/9","targetHints":{"allow":["GET"]}}],"collection":[{"href":"https:\/\/inzeweb.net\/dpdf\/wp-json\/wp\/v2\/pages"}],"about":[{"href":"https:\/\/inzeweb.net\/dpdf\/wp-json\/wp\/v2\/types\/page"}],"author":[{"embeddable":true,"href":"https:\/\/inzeweb.net\/dpdf\/wp-json\/wp\/v2\/users\/4"}],"replies":[{"embeddable":true,"href":"https:\/\/inzeweb.net\/dpdf\/wp-json\/wp\/v2\/comments?post=9"}],"version-history":[{"count":3,"href":"https:\/\/inzeweb.net\/dpdf\/wp-json\/wp\/v2\/pages\/9\/revisions"}],"predecessor-version":[{"id":15,"href":"https:\/\/inzeweb.net\/dpdf\/wp-json\/wp\/v2\/pages\/9\/revisions\/15"}],"wp:attachment":[{"href":"https:\/\/inzeweb.net\/dpdf\/wp-json\/wp\/v2\/media?parent=9"}],"curies":[{"name":"wp","href":"https:\/\/api.w.org\/{rel}","templated":true}]}}