{"id":18554,"date":"2024-03-09T15:31:37","date_gmt":"2024-03-09T14:31:37","guid":{"rendered":"https:\/\/inzeweb.net\/xaviergorce\/?page_id=18554"},"modified":"2024-06-03T09:43:35","modified_gmt":"2024-06-03T07:43:35","slug":"achat","status":"publish","type":"page","link":"https:\/\/inzeweb.net\/xaviergorce\/achat\/","title":{"rendered":"Achat d\u2019impressions Fine Art ou de dessins originaux"},"content":{"rendered":"\n<div style=\"height:35px\" aria-hidden=\"true\" class=\"wp-block-spacer\"><\/div>\n\n\n\n<div class=\"wp-block-columns is-layout-flex wp-container-core-columns-is-layout-9d6595d7 wp-block-columns-is-layout-flex\">\n<div class=\"wp-block-column is-layout-flow wp-block-column-is-layout-flow\" style=\"flex-basis:100%\">\n<div id=\"wp-block-themeisle-blocks-advanced-columns-f1b873d1\" class=\"wp-block-themeisle-blocks-advanced-columns has-3-columns has-desktop-twoOne-layout has-tablet-equal-layout has-mobile-collapsedRows-layout has-vertical-unset\"><div class=\"wp-block-themeisle-blocks-advanced-columns-overlay\"><\/div><div class=\"innerblocks-wrap\">\n<div id=\"wp-block-themeisle-blocks-advanced-column-afde9c12\" class=\"wp-block-themeisle-blocks-advanced-column\"><\/div>\n\n\n\n<div id=\"wp-block-themeisle-blocks-advanced-column-37215ac6\" class=\"wp-block-themeisle-blocks-advanced-column\">\n<p class=\"has-text-align-center\">Tous les dessins de la s\u00e9rie <em>Les Ind\u00e9givrables<\/em> visibles sur ce site sont en vente en impressions Fine Art \u00e0 la demande ainsi que les originaux si, bien s\u00fbr, ceux-ci n\u2019ont pas \u00e9t\u00e9 d\u00e9j\u00e0 vendus et sont encore disponibles.<\/p>\n\n\n\n<p class=\"has-text-align-center\">Pour les autres dessins, merci de nous contacter par le m\u00eame formulaire ci-dessous en pr\u00e9cisant votre demande\u2026<\/p>\n<\/div>\n\n\n\n<div id=\"wp-block-themeisle-blocks-advanced-column-fb067de2\" class=\"wp-block-themeisle-blocks-advanced-column\"><\/div>\n<\/div><\/div>\n<\/div>\n<\/div>\n\n\n\n<div id=\"wp-block-themeisle-blocks-advanced-columns-fcbe5e95\" class=\"wp-block-themeisle-blocks-advanced-columns has-2-columns has-desktop-equal-layout has-tablet-equal-layout has-mobile-collapsedRows-layout has-vertical-unset has-light-bg\"><div class=\"wp-block-themeisle-blocks-advanced-columns-overlay\"><\/div><div class=\"innerblocks-wrap\">\n<div id=\"wp-block-themeisle-blocks-advanced-column-801cb89b\" class=\"wp-block-themeisle-blocks-advanced-column\">\n<h4 class=\"wp-block-heading\">Impression Fine Art<\/h4>\n\n\n\n<p style=\"padding-top:0;padding-bottom:0\">Il s\u2019agit d\u2019impression \u00e0 jet d\u2019encres pigmentaires r\u00e9alis\u00e9es par l\u2019auteur lui-m\u00eame sur papier d\u2019art Hahnem\u00fchle de 300 grammes au moyen d\u2019une imprimante d\u2019art graphique.<\/p>\n\n\n\n<p style=\"padding-top:0;padding-bottom:0\"><br>Les encres pigmentaires, comme leur nom l\u2019indique, sont fabriqu\u00e9es \u00e0 base de pigments, comme les m\u00e9diums classiques : peinture \u00e0 l\u2019huile, gouache, acryliques\u2026 \u00c0 la diff\u00e9rence des encres \u00e0 colorants d\u2019usage courant, elles ont une excellente durabilit\u00e9 et stabilit\u00e9. Ce proc\u00e9d\u00e9 et le mat\u00e9riel utilis\u00e9 sont ceux employ\u00e9s en \u00e9dition d\u2019art actuelle.<\/p>\n\n\n\n<p>Les dessins sont sign\u00e9s \u00e0 la main apr\u00e8s impression \u00e0 l&rsquo;unit\u00e9.<\/p>\n\n\n\n<p class=\"has-text-align-right has-neve-text-color-color has-text-color has-link-color wp-elements-229fe1c8833be59b87513209b160d255\">Feuille : 29,7 X 42 cm (A3)<br>Zone imprim\u00e9e : 20 cm X 20 cm environ<br><em>Le cadre bleu figurant ci-contre est indicatif et pas imprim\u00e9.<\/em><\/p>\n\n\n\n<p class=\"has-text-align-right has-nv-c-2-color has-text-color has-link-color wp-elements-cd8a719730e668e92cb9c009ceb9e742\"><br><strong>Tarif<strong> <\/strong><\/strong><em>(hors frais d\u2019exp\u00e9dition)<\/em><strong> : 75,00 \u20ac TTC<\/strong><\/p>\n<\/div>\n\n\n\n<div id=\"wp-block-themeisle-blocks-advanced-column-dc403d28\" class=\"wp-block-themeisle-blocks-advanced-column\"><div class=\"wp-block-image\">\n<figure class=\"aligncenter size-full\" id=\"wp-block-themeisle-blocks-image-a3b27862\"><img loading=\"lazy\" decoding=\"async\" width=\"492\" height=\"696\" data-attachment-id=\"18584\" data-permalink=\"https:\/\/inzeweb.net\/xaviergorce\/achat\/ind_24_09_03_print\/\" data-orig-file=\"https:\/\/inzeweb.net\/xaviergorce\/wp-content\/uploads\/sites\/7\/2024\/03\/IND_24_09_03_Print.jpg\" data-orig-size=\"492,696\" data-comments-opened=\"0\" data-image-meta=\"{&quot;aperture&quot;:&quot;0&quot;,&quot;credit&quot;:&quot;&quot;,&quot;camera&quot;:&quot;&quot;,&quot;caption&quot;:&quot;&quot;,&quot;created_timestamp&quot;:&quot;0&quot;,&quot;copyright&quot;:&quot;&quot;,&quot;focal_length&quot;:&quot;0&quot;,&quot;iso&quot;:&quot;0&quot;,&quot;shutter_speed&quot;:&quot;0&quot;,&quot;title&quot;:&quot;&quot;,&quot;orientation&quot;:&quot;0&quot;}\" data-image-title=\"IND_24_09_03_Print\" data-image-description=\"\" data-image-caption=\"\" data-medium-file=\"https:\/\/inzeweb.net\/xaviergorce\/wp-content\/uploads\/sites\/7\/2024\/03\/IND_24_09_03_Print.jpg\" data-large-file=\"https:\/\/inzeweb.net\/xaviergorce\/wp-content\/uploads\/sites\/7\/2024\/03\/IND_24_09_03_Print.jpg\" src=\"https:\/\/inzeweb.net\/xaviergorce\/wp-content\/uploads\/sites\/7\/2024\/03\/IND_24_09_03_Print.jpg\" alt=\"\" class=\"wp-image-18584\"\/><\/figure>\n<\/div><\/div>\n<\/div><\/div>\n\n\n\n<div id=\"wp-block-themeisle-blocks-advanced-columns-4bdc4dfc\" class=\"wp-block-themeisle-blocks-advanced-columns has-2-columns has-desktop-equal-layout has-tablet-equal-layout has-mobile-collapsedRows-layout has-vertical-unset has-light-bg\"><div class=\"wp-block-themeisle-blocks-advanced-columns-overlay\"><\/div><div class=\"innerblocks-wrap\">\n<div id=\"wp-block-themeisle-blocks-advanced-column-f08a7a0c\" class=\"wp-block-themeisle-blocks-advanced-column\">\n<h4 class=\"wp-block-heading\">Dessin original<\/h4>\n\n\n\n<p>Les dessins \u00abInd\u00e9givrables\u00bb sont pour la quasi totalit\u00e9 r\u00e9alis\u00e9s au feutre pigmentaire (\u00e9galement) sur papier \u00e0 dessin de 90 grammes. Ils sont en noir et blanc, souvent corrig\u00e9s ou annot\u00e9s, avec traces de crayons ou ratures. La version finale, \u00abpropre\u00bb et mise en couleur, est ensuite effectu\u00e9e sur ordinateur apr\u00e8s num\u00e9risation.<\/p>\n\n\n\n<p><br>Ce sont donc des dessins \u00abpremier \u00e9tat\u00bb, bruts, pour collectionneurs.<\/p>\n\n\n\n<p class=\"has-text-align-right has-neve-text-color-color has-text-color has-link-color wp-elements-5a3db409d70284bc7179c9d59768eb8d\">Feuille : 21 X 28 cm (A4 r\u00e9duit)<br>Zone dessin\u00e9e : 15 cm X 15 cm environ<\/p>\n\n\n\n<p class=\"has-text-align-right has-nv-c-2-color has-text-color has-link-color wp-elements-ab31ea1dc66d9cb5804461ef165ec96d\"><br><strong>Tarif indicatif <\/strong><em>(hors frais d\u2019exp\u00e9dition)<\/em> <strong>: 300,00 \u20ac TTC<\/strong><\/p>\n<\/div>\n\n\n\n<div id=\"wp-block-themeisle-blocks-advanced-column-8c0e7caf\" class=\"wp-block-themeisle-blocks-advanced-column\"><div class=\"wp-block-image\">\n<figure class=\"aligncenter size-full\" id=\"wp-block-themeisle-blocks-image-b305603d\"><img loading=\"lazy\" decoding=\"async\" width=\"347\" height=\"465\" data-attachment-id=\"18583\" data-permalink=\"https:\/\/inzeweb.net\/xaviergorce\/achat\/ind_24_09_03_original\/\" data-orig-file=\"https:\/\/inzeweb.net\/xaviergorce\/wp-content\/uploads\/sites\/7\/2024\/03\/IND_24_09_03_Original.jpg\" data-orig-size=\"347,465\" data-comments-opened=\"0\" data-image-meta=\"{&quot;aperture&quot;:&quot;0&quot;,&quot;credit&quot;:&quot;&quot;,&quot;camera&quot;:&quot;&quot;,&quot;caption&quot;:&quot;&quot;,&quot;created_timestamp&quot;:&quot;0&quot;,&quot;copyright&quot;:&quot;&quot;,&quot;focal_length&quot;:&quot;0&quot;,&quot;iso&quot;:&quot;0&quot;,&quot;shutter_speed&quot;:&quot;0&quot;,&quot;title&quot;:&quot;&quot;,&quot;orientation&quot;:&quot;0&quot;}\" data-image-title=\"IND_24_09_03_Original\" data-image-description=\"\" data-image-caption=\"\" data-medium-file=\"https:\/\/inzeweb.net\/xaviergorce\/wp-content\/uploads\/sites\/7\/2024\/03\/IND_24_09_03_Original.jpg\" data-large-file=\"https:\/\/inzeweb.net\/xaviergorce\/wp-content\/uploads\/sites\/7\/2024\/03\/IND_24_09_03_Original.jpg\" src=\"https:\/\/inzeweb.net\/xaviergorce\/wp-content\/uploads\/sites\/7\/2024\/03\/IND_24_09_03_Original.jpg\" alt=\"\" class=\"wp-image-18583\"\/><\/figure>\n<\/div><\/div>\n<\/div><\/div>\n\n\n\n<div id=\"wp-block-themeisle-blocks-advanced-columns-c336cb65\" class=\"wp-block-themeisle-blocks-advanced-columns has-2-columns has-desktop-equal-layout has-tablet-equal-layout has-mobile-collapsedRows-layout has-vertical-unset has-light-bg\"><div class=\"wp-block-themeisle-blocks-advanced-columns-overlay\"><\/div><div class=\"innerblocks-wrap\">\n<div id=\"wp-block-themeisle-blocks-advanced-column-9422b224\" class=\"wp-block-themeisle-blocks-advanced-column\">\n<h4 class=\"wp-block-heading\">Comment proc\u00e9der pour acheter ?<\/h4>\n\n\n\n<p>Parcurez les galeries et notez la r\u00e9f\u00e9rence des dessins que vous souhaitez acheter.<\/p>\n\n\n\n<p>Cette r\u00e9f\u00e9rence appara\u00eet en survolant la vignette.<\/p>\n\n\n<div class=\"wp-block-image\">\n<figure class=\"aligncenter size-full is-resized has-custom-border\"><img loading=\"lazy\" decoding=\"async\" width=\"348\" height=\"286\" data-attachment-id=\"18600\" data-permalink=\"https:\/\/inzeweb.net\/xaviergorce\/achat\/pointeur\/\" data-orig-file=\"https:\/\/inzeweb.net\/xaviergorce\/wp-content\/uploads\/sites\/7\/2024\/03\/Pointeur.jpg\" data-orig-size=\"348,286\" data-comments-opened=\"0\" data-image-meta=\"{&quot;aperture&quot;:&quot;0&quot;,&quot;credit&quot;:&quot;&quot;,&quot;camera&quot;:&quot;&quot;,&quot;caption&quot;:&quot;&quot;,&quot;created_timestamp&quot;:&quot;0&quot;,&quot;copyright&quot;:&quot;&quot;,&quot;focal_length&quot;:&quot;0&quot;,&quot;iso&quot;:&quot;0&quot;,&quot;shutter_speed&quot;:&quot;0&quot;,&quot;title&quot;:&quot;&quot;,&quot;orientation&quot;:&quot;0&quot;}\" data-image-title=\"Pointeur\" data-image-description=\"\" data-image-caption=\"\" data-medium-file=\"https:\/\/inzeweb.net\/xaviergorce\/wp-content\/uploads\/sites\/7\/2024\/03\/Pointeur.jpg\" data-large-file=\"https:\/\/inzeweb.net\/xaviergorce\/wp-content\/uploads\/sites\/7\/2024\/03\/Pointeur.jpg\" src=\"https:\/\/inzeweb.net\/xaviergorce\/wp-content\/uploads\/sites\/7\/2024\/03\/Pointeur.jpg\" alt=\"\" class=\"has-border-color has-neve-text-color-border-color wp-image-18600\" style=\"border-width:1px;width:226px;height:auto\"\/><\/figure>\n<\/div>\n\n\n<div style=\"height:26px\" aria-hidden=\"true\" class=\"wp-block-spacer\"><\/div>\n\n\n\n<p>Contactez-nous pour conna\u00eetre la disponibilit\u00e9 d&rsquo;un original, les d\u00e9lais d\u2019impression et d\u2019exp\u00e9dition et le tarif total via le formulaire ci-contre (texte type \u00e0 modifier).<\/p>\n\n\n\n<p>Apr\u00e8s acceptation du devis puis confirmation du virement, les achats sont exp\u00e9di\u00e9s sous enveloppes cartonn\u00e9es en courrier suivi, Chronopost ou soci\u00e9t\u00e9 de livraison, selon la garantie souhait\u00e9e et la destination.<\/p>\n<\/div>\n\n\n\n<div id=\"wp-block-themeisle-blocks-advanced-column-c78fdcdc\" class=\"wp-block-themeisle-blocks-advanced-column\">\n<div id=\"wp-block-themeisle-blocks-form-eeaf6f5b\" class=\"wp-block-themeisle-blocks-form has-captcha\" data-option-name=\"269a313ebd58f4ba9357837164746494fac4ce67_eeaf6f5b\"><form class=\"otter-form__container\">\n<div id=\"wp-block-themeisle-blocks-form-input-09b273c9\" class=\"wp-block-themeisle-blocks-form-input\"><label for=\"wp-block-themeisle-blocks-form-input-09b273c9-input\" class=\"otter-form-input-label\"><span class=\"otter-form-input-label__label\">Nom<\/span><span class=\"required\">*<\/span><\/label><input type=\"text\" id=\"wp-block-themeisle-blocks-form-input-09b273c9-input\" required class=\"otter-form-input\"\/><\/div>\n\n\n\n<div id=\"wp-block-themeisle-blocks-form-input-469174c6\" class=\"wp-block-themeisle-blocks-form-input\"><label for=\"wp-block-themeisle-blocks-form-input-469174c6-input\" class=\"otter-form-input-label\"><span class=\"otter-form-input-label__label\">Pr\u00e9nom<\/span><span class=\"required\">*<\/span><\/label><input type=\"text\" id=\"wp-block-themeisle-blocks-form-input-469174c6-input\" required class=\"otter-form-input\"\/><\/div>\n\n\n\n<div id=\"wp-block-themeisle-blocks-form-input-52d603b9\" class=\"wp-block-themeisle-blocks-form-input\"><label for=\"wp-block-themeisle-blocks-form-input-52d603b9-input\" class=\"otter-form-input-label\"><span class=\"otter-form-input-label__label\">Email<\/span><span class=\"required\">*<\/span><\/label><input type=\"email\" id=\"wp-block-themeisle-blocks-form-input-52d603b9-input\" required class=\"otter-form-input\"\/><\/div>\n\n\n<div class=\"protection\" aria-hidden=\"true\"><input type=\"hidden\" id=\"wp-block-themeisle-blocks-form-eeaf6f5b_nonce_field\" name=\"wp-block-themeisle-blocks-form-eeaf6f5b_nonce_field\" value=\"3b224dedc4\" \/><input type=\"hidden\" name=\"_wp_http_referer\" value=\"\/xaviergorce\/wp-json\/wp\/v2\/pages\/18554\" \/><input class=\"o-anti-bot\" type=\"checkbox\"><\/div>\n\n\n<div id=\"wp-block-themeisle-blocks-form-textarea-69bd7efe\" class=\"wp-block-themeisle-blocks-form-textarea\"><label for=\"wp-block-themeisle-blocks-form-textarea-69bd7efe-input\" class=\"otter-form-textarea-label\"><span class=\"otter-form-textarea-label__label\">Message<\/span><span class=\"required\">*<\/span><\/label><textarea id=\"wp-block-themeisle-blocks-form-textarea-69bd7efe-input\" required rows=\"10\" class=\"otter-form-textarea-input\">Je suis int\u00e9ress\u00e9(e) par l&rsquo;achat :\nd&rsquo;impressions Fine Art \/ d\u2019originaux (pr\u00e9ciser)\ndes dessins suivant : IND_XX_XX_XX, \u2026\nMerci de m\u2019indiquer la disponibilit\u00e9, les d\u00e9lais et le tarif total.\n<\/textarea><\/div>\n\n\n\n<div id=\"wp-block-themeisle-blocks-form-input-ef5a3373\" class=\"wp-block-themeisle-blocks-form-textarea\"><label for=\"wp-block-themeisle-blocks-form-input-ef5a3373-input\" class=\"otter-form-textarea-label\"><span class=\"otter-form-textarea-label__label\">Adresse (indispensable pour le calcul des frais d\u2019exp\u00e9dition)<\/span><\/label><textarea id=\"wp-block-themeisle-blocks-form-input-ef5a3373-input\" placeholder=\"\" rows=\"10\" class=\"otter-form-textarea-input\">N\u00b0, Rue\nCode postal\nVille\nPays<\/textarea><\/div>\n\n\n\n<p class=\"has-text-align-center has-small-font-size\"><em>En soumettant ce formulaire, vous acceptez de recevoir des communications \u00e9lectroniques de notre part<\/em> <em>et que vos coordonn\u00e9es soient stock\u00e9es chez nous.<\/em><\/p>\n<div class=\"wp-block-button\"><button class=\"wp-block-button__link\" type=\"submit\">Submit<\/button><\/div><\/form><\/div>\n<\/div>\n<\/div><\/div>\n","protected":false},"excerpt":{"rendered":"","protected":false},"author":4,"featured_media":0,"parent":0,"menu_order":0,"comment_status":"closed","ping_status":"closed","template":"","meta":{"neve_meta_sidebar":"","neve_meta_container":"","neve_meta_enable_content_width":"","neve_meta_content_width":0,"neve_meta_title_alignment":"","neve_meta_author_avatar":"","neve_post_elements_order":"","neve_meta_disable_header":"","neve_meta_disable_footer":"","neve_meta_disable_title":"","_themeisle_gutenberg_block_has_review":false,"footnotes":""},"folder":[12],"class_list":["post-18554","page","type-page","status-publish","hentry"],"jetpack_sharing_enabled":true,"_links":{"self":[{"href":"https:\/\/inzeweb.net\/xaviergorce\/wp-json\/wp\/v2\/pages\/18554","targetHints":{"allow":["GET"]}}],"collection":[{"href":"https:\/\/inzeweb.net\/xaviergorce\/wp-json\/wp\/v2\/pages"}],"about":[{"href":"https:\/\/inzeweb.net\/xaviergorce\/wp-json\/wp\/v2\/types\/page"}],"author":[{"embeddable":true,"href":"https:\/\/inzeweb.net\/xaviergorce\/wp-json\/wp\/v2\/users\/4"}],"replies":[{"embeddable":true,"href":"https:\/\/inzeweb.net\/xaviergorce\/wp-json\/wp\/v2\/comments?post=18554"}],"version-history":[{"count":50,"href":"https:\/\/inzeweb.net\/xaviergorce\/wp-json\/wp\/v2\/pages\/18554\/revisions"}],"predecessor-version":[{"id":19235,"href":"https:\/\/inzeweb.net\/xaviergorce\/wp-json\/wp\/v2\/pages\/18554\/revisions\/19235"}],"wp:attachment":[{"href":"https:\/\/inzeweb.net\/xaviergorce\/wp-json\/wp\/v2\/media?parent=18554"}],"wp:term":[{"taxonomy":"folder","embeddable":true,"href":"https:\/\/inzeweb.net\/xaviergorce\/wp-json\/wp\/v2\/folder?post=18554"}],"curies":[{"name":"wp","href":"https:\/\/api.w.org\/{rel}","templated":true}]}}