{"id":6,"date":"2023-03-30T17:13:55","date_gmt":"2023-03-30T15:13:55","guid":{"rendered":"https:\/\/inzeweb.net\/xaviergorce\/?page_id=6"},"modified":"2024-03-08T08:38:28","modified_gmt":"2024-03-08T07:38:28","slug":"accueil","status":"publish","type":"page","link":"https:\/\/inzeweb.net\/xaviergorce\/","title":{"rendered":"Accueil"},"content":{"rendered":"\n<div style=\"height:130px\" aria-hidden=\"true\" class=\"wp-block-spacer\"><\/div>\n\n\n\n<div class=\"wp-block-columns is-layout-flex wp-container-core-columns-is-layout-9d6595d7 wp-block-columns-is-layout-flex\">\n<div class=\"wp-block-column is-layout-flow wp-block-column-is-layout-flow\" style=\"border-right-color:#efefef;border-right-width:3px;padding-right:var(--wp--preset--spacing--60);padding-left:var(--wp--preset--spacing--60);flex-basis:75%\">\n<div id=\"zed_dqhocb69\" class=\"zedity-wrapper zedity-premium\" style=\"max-width: 1000px; max-height: 910px;\">\n<div id=\"zed_dqhocb69\" class=\"zedity-editor zedity-notheme zedity-responsive\" style=\"position: relative; width: 1000px; height: 910px; overflow: hidden;\" data-origw=\"1000\" data-origh=\"910\">\n<div class=\"zedity-box zedity-box-Image zedity-wpml\" data-boxtype=\"Image\" data-layout=\"fit\" data-aspectratio=\"1\" data-ol=\"1\" style=\"position: absolute; left: 335.546875px; top: 335px; width: 210.38px; height: 268px; z-index: 24; background-color: transparent;\">\n<div class=\"zedity-content\" style=\"position: relative; width: 100%; height: 100%; overflow: hidden;\"><a href=\"https:\/\/inzeweb.net\/xaviergorce\/wp-content\/uploads\/sites\/7\/2023\/04\/Collages_023.jpg\" target=\"_top\" style=\"display: inline-block; width: 100%; height: 100%;\" rel=\"noopener\"><img decoding=\"async\" src=\"https:\/\/inzeweb.net\/xaviergorce\/wp-content\/uploads\/sites\/7\/2023\/04\/Collages_023.jpg\" style=\"position: absolute; margin: 0px; left: 0px; top: 0px; width: 210px; height: 268px;\" alt=\"Collages_023\" \/><\/a><\/div>\n<\/div>\n<div class=\"zedity-box zedity-box-Image zedity-wpml\" data-boxtype=\"Image\" data-layout=\"fit\" data-aspectratio=\"1\" data-ol=\"1\" style=\"position: absolute; left: 736.671875px; top: 582px; width: 263.336813px; height: 291px; z-index: 14; background-color: transparent;\">\n<div class=\"zedity-content\" style=\"position: relative; width: 100%; height: 100%; overflow: hidden;\"><a href=\"https:\/\/inzeweb.net\/xaviergorce\/wp-content\/uploads\/sites\/7\/2023\/04\/Humour_011.jpg\" target=\"_top\" style=\"display: inline-block; width: 100%; height: 100%;\" rel=\"noopener\"><img decoding=\"async\" src=\"https:\/\/inzeweb.net\/xaviergorce\/wp-content\/uploads\/sites\/7\/2023\/04\/Humour_011.jpg\" style=\"position: absolute; margin: 0px; left: 0px; top: 0px; width: 263px; height: 291px;\" alt=\"Humour_011\" \/><\/a><\/div>\n<\/div>\n<div class=\"zedity-box zedity-box-Image zedity-wpml\" data-boxtype=\"Image\" data-layout=\"fit\" data-aspectratio=\"1\" data-ol=\"1\" style=\"position: absolute; left: 728.75px; top: 311px; width: 234.056769px; height: 249px; z-index: 16; background-color: transparent;\">\n<div class=\"zedity-content\" style=\"position: relative; width: 100%; height: 100%; overflow: hidden;\"><a href=\"https:\/\/inzeweb.net\/xaviergorce\/wp-content\/uploads\/sites\/7\/2023\/04\/CitesDeMemoires_020.jpg\" target=\"_top\" style=\"display: inline-block; width: 100%; height: 100%;\" rel=\"noopener\"><img decoding=\"async\" src=\"https:\/\/inzeweb.net\/xaviergorce\/wp-content\/uploads\/sites\/7\/2023\/04\/CitesDeMemoires_020.jpg\" style=\"position: absolute; margin: 0px; left: 0px; top: 0px; width: 234px; height: 249px;\" alt=\"CitesDeMemoires_020\" \/><\/a><\/div>\n<\/div>\n<div class=\"zedity-box zedity-box-Image zedity-wpml\" data-boxtype=\"Image\" data-layout=\"fit\" data-aspectratio=\"1\" data-ol=\"1\" style=\"position: absolute; left: 448.640625px; top: 0px; width: 199px; height: 200px; z-index: 20; background-color: transparent;\">\n<div class=\"zedity-content\" style=\"position: relative; width: 100%; height: 100%; overflow: hidden;\"><a href=\"https:\/\/inzeweb.net\/xaviergorce\/wp-content\/uploads\/sites\/7\/2023\/04\/FiguresGrotesques_072.jpg\" target=\"_top\" style=\"display: inline-block; width: 100%; height: 100%;\" rel=\"noopener\"><img decoding=\"async\" src=\"https:\/\/inzeweb.net\/xaviergorce\/wp-content\/uploads\/sites\/7\/2023\/04\/FiguresGrotesques_072.jpg\" style=\"position: absolute; margin: 0px; left: 0px; top: 0px; width: 199px; height: 200px;\" alt=\"FiguresGrotesques_072\" \/><\/a><\/div>\n<\/div>\n<div class=\"zedity-box zedity-box-Image zedity-wpml\" data-boxtype=\"Image\" data-layout=\"fit\" data-aspectratio=\"1\" data-ol=\"1\" style=\"position: absolute; left: 200px; top: 0px; width: 248.655px; height: 411px; z-index: 18; background-color: transparent;\">\n<div class=\"zedity-content\" style=\"position: relative; width: 100%; height: 100%; overflow: hidden;\"><a href=\"https:\/\/inzeweb.net\/xaviergorce\/wp-content\/uploads\/sites\/7\/2023\/04\/FiguresGrotesques_047.jpg\" target=\"_top\" style=\"display: inline-block; width: 100%; height: 100%;\" rel=\"noopener\"><img decoding=\"async\" src=\"https:\/\/inzeweb.net\/xaviergorce\/wp-content\/uploads\/sites\/7\/2023\/04\/FiguresGrotesques_047.jpg\" style=\"position: absolute; margin: 0px; left: 0px; top: 0px; width: 249px; height: 411px;\" alt=\"FiguresGrotesques_047\" \/><\/a><\/div>\n<\/div>\n<div class=\"zedity-box zedity-box-Image zedity-wpml\" data-boxtype=\"Image\" data-layout=\"fit\" data-aspectratio=\"1\" data-ol=\"1\" style=\"position: absolute; left: 55.200489px; top: 27.397003px; width: 145.097232px; height: 276.402355px; z-index: 22; -webkit-transform: rotate(-10deg); -moz-transform: rotate(-10deg); -ms-transform: rotate(-10deg); -o-transform: rotate(-10deg); transform: rotate(-10deg); background-color: transparent;\">\n<div class=\"zedity-content\" style=\"position: relative; width: 100%; height: 100%; overflow: hidden;\"><a href=\"https:\/\/inzeweb.net\/xaviergorce\/wp-content\/uploads\/sites\/7\/2023\/04\/Bodylands_001.jpg\" target=\"_top\" style=\"display: inline-block; width: 100%; height: 100%;\" rel=\"noopener\"><img decoding=\"async\" src=\"https:\/\/inzeweb.net\/xaviergorce\/wp-content\/uploads\/sites\/7\/2023\/04\/Bodylands_001.jpg\" style=\"position: absolute; margin: 0px; left: 0px; top: 0px; width: 145px; height: 276px;\" alt=\"Bodylands_001\" \/><\/a><\/div>\n<\/div>\n<div class=\"zedity-box zedity-box-Image zedity-wpml\" data-boxtype=\"Image\" data-layout=\"fit\" data-aspectratio=\"1\" data-ol=\"1\" style=\"position: absolute; left: 280px; top: 568.535583px; width: 145.117446px; height: 155.197284px; z-index: 26; -webkit-transform: rotate(-15deg); -moz-transform: rotate(-15deg); -ms-transform: rotate(-15deg); -o-transform: rotate(-15deg); transform: rotate(-15deg); background-color: transparent;\">\n<div class=\"zedity-content\" style=\"position: relative; width: 100%; height: 100%; overflow: hidden;\"><a href=\"https:\/\/inzeweb.net\/xaviergorce\/wp-content\/uploads\/sites\/7\/2023\/04\/SuperHeros_015.jpg\" target=\"_top\" style=\"display: inline-block; width: 100%; height: 100%;\" rel=\"noopener\"><img decoding=\"async\" src=\"https:\/\/inzeweb.net\/xaviergorce\/wp-content\/uploads\/sites\/7\/2023\/04\/SuperHeros_015.jpg\" style=\"position: absolute; margin: 0px; left: 0px; top: 0px; width: 145px; height: 155px;\" alt=\"SuperHeros_015\" \/><\/a><\/div>\n<\/div>\n<div class=\"zedity-box zedity-box-Image zedity-wpml\" data-boxtype=\"Image\" data-layout=\"fit\" data-aspectratio=\"1\" data-ol=\"1\" style=\"position: absolute; left: 504px; top: 182px; width: 250px; height: 170px; z-index: 9; background-color: transparent;\">\n<div class=\"zedity-content\" style=\"position: relative; width: 100%; height: 100%; overflow: hidden;\"><a href=\"https:\/\/inzeweb.net\/xaviergorce\/wp-content\/uploads\/sites\/7\/2023\/04\/EC_1412_Idees-recues-sur-la-CI.jpg\" target=\"_top\" style=\"display: inline-block; width: 100%; height: 100%;\" rel=\"noopener\"><img decoding=\"async\" src=\"https:\/\/inzeweb.net\/xaviergorce\/wp-content\/uploads\/sites\/7\/2023\/04\/EC_1412_Idees-recues-sur-la-CI.jpg\" style=\"position: absolute; margin: 0px; left: 0px; top: 0px; width: 250px; height: 170px;\" alt=\"EC_1412_Id\u00e9es-re\u00e7ues-sur-la-CI\" \/><\/a><\/div>\n<\/div>\n<div class=\"zedity-box zedity-box-Image zedity-wpml\" data-boxtype=\"Image\" data-layout=\"fit\" data-aspectratio=\"1\" data-ol=\"1\" style=\"position: absolute; left: 0px; top: 335px; width: 335.561497px; height: 251px; z-index: 12; background-color: transparent;\">\n<div class=\"zedity-content\" style=\"position: relative; width: 100%; height: 100%; overflow: hidden;\"><a href=\"https:\/\/inzeweb.net\/xaviergorce\/wp-content\/uploads\/sites\/7\/2023\/04\/Opossums_021.jpg\" target=\"_top\" style=\"display: inline-block; width: 100%; height: 100%;\" rel=\"noopener\"><img decoding=\"async\" src=\"https:\/\/inzeweb.net\/xaviergorce\/wp-content\/uploads\/sites\/7\/2023\/04\/Opossums_021.jpg\" style=\"position: absolute; margin: 0px; left: 0px; top: 0px; width: 336px; height: 251px;\" alt=\"Opossums_021\" \/><\/a><\/div>\n<\/div>\n<div class=\"zedity-box zedity-box-Image zedity-wpml\" data-boxtype=\"Image\" data-layout=\"fit\" data-aspectratio=\"1\" data-ol=\"1\" style=\"position: absolute; left: 710.75592px; top: 16.609146px; width: 250px; height: 189px; z-index: 30; -webkit-transform: rotate(9deg); -moz-transform: rotate(9deg); -ms-transform: rotate(9deg); -o-transform: rotate(9deg); transform: rotate(9deg); background-color: transparent;\">\n<div class=\"zedity-content\" style=\"position: relative; width: 100%; height: 100%; overflow: hidden;\"><a href=\"https:\/\/inzeweb.net\/xaviergorce\/wp-content\/uploads\/sites\/7\/2023\/04\/ZooFolies_014.jpg\" target=\"_top\" style=\"display: inline-block; width: 100%; height: 100%;\" rel=\"noopener\"><img decoding=\"async\" src=\"https:\/\/inzeweb.net\/xaviergorce\/wp-content\/uploads\/sites\/7\/2023\/04\/ZooFolies_014.jpg\" style=\"position: absolute; margin: 0px; left: 0px; top: 0px; width: 250px; height: 189px;\" alt=\"ZooFolies_014\" \/><\/a><\/div>\n<\/div>\n<div class=\"zedity-box zedity-box-Image zedity-wpml\" data-boxtype=\"Image\" data-layout=\"fit\" data-aspectratio=\"1\" data-ol=\"1\" style=\"position: absolute; left: 436.8125px; top: 603px; width: 299.860578px; height: 305.984375px; z-index: 10; background-color: transparent;\">\n<div class=\"zedity-content\" style=\"position: relative; width: 100%; height: 100%; overflow: hidden;\"><a href=\"https:\/\/inzeweb.net\/xaviergorce\/wp-content\/uploads\/sites\/7\/2023\/04\/FiguresGrotesques_001.jpg\" target=\"_top\" style=\"display: inline-block; width: 100%; height: 100%;\" rel=\"noopener\"><img decoding=\"async\" src=\"https:\/\/inzeweb.net\/xaviergorce\/wp-content\/uploads\/sites\/7\/2023\/04\/FiguresGrotesques_001.jpg\" style=\"position: absolute; margin: 0px; left: 0px; top: 0px; width: 299px; height: 306px;\" alt=\"FiguresGrotesques_001\" \/><\/a><\/div>\n<\/div>\n<div class=\"zedity-box zedity-box-Image zedity-wpml\" data-boxtype=\"Image\" data-layout=\"fit\" data-aspectratio=\"1\" data-ol=\"1\" style=\"position: absolute; left: 566.5px; top: 428px; width: 147px; height: 200px; z-index: 32; background-color: transparent;\">\n<div class=\"zedity-content\" style=\"position: relative; width: 100%; height: 100%; overflow: hidden;\"><a href=\"https:\/\/inzeweb.net\/xaviergorce\/wp-content\/uploads\/sites\/7\/2023\/04\/FiguresGrotesques_025.jpg\" target=\"_top\" style=\"display: inline-block; width: 100%; height: 100%;\" rel=\"noopener\"><img decoding=\"async\" src=\"https:\/\/inzeweb.net\/xaviergorce\/wp-content\/uploads\/sites\/7\/2023\/04\/FiguresGrotesques_025.jpg\" style=\"position: absolute; margin: 0px; left: 0px; top: 0px; width: 147px; height: 200px;\" alt=\"FiguresGrotesques_025\" \/><\/a><\/div>\n<\/div>\n<div class=\"zedity-box zedity-box-Image zedity-wpml\" data-boxtype=\"Image\" data-layout=\"fit\" data-aspectratio=\"1\" data-ol=\"1\" style=\"position: absolute; left: 34px; top: 665px; width: 240px; height: 200px; z-index: 34; background-color: transparent;\">\n<div class=\"zedity-content\" style=\"position: relative; width: 100%; height: 100%; overflow: hidden;\"><a href=\"https:\/\/inzeweb.net\/xaviergorce\/wp-content\/uploads\/sites\/7\/2023\/04\/NonLieux_043.jpg\" target=\"_top\" style=\"display: inline-block; width: 100%; height: 100%;\" rel=\"noopener\"><img decoding=\"async\" src=\"https:\/\/inzeweb.net\/xaviergorce\/wp-content\/uploads\/sites\/7\/2023\/04\/NonLieux_043.jpg\" style=\"position: absolute; margin: 0px; left: 0px; top: 0px; width: 240px; height: 200px;\" alt=\"NonLieux_043\" \/><\/a><\/div>\n<\/div>\n<\/div>\n<\/div>\n<\/div>\n\n\n\n<div class=\"wp-block-column is-layout-flow wp-block-column-is-layout-flow\" style=\"flex-basis:25%\">\n<h6 class=\"wp-block-heading\">Dernier dessin paru<\/h6>\n\n\n<ul class=\"wp-block-latest-posts__list has-dates wp-block-latest-posts\"><li><div class=\"wp-block-latest-posts__featured-image\"><img loading=\"lazy\" decoding=\"async\" width=\"1200\" height=\"1150\" src=\"https:\/\/inzeweb.net\/xaviergorce\/wp-content\/uploads\/sites\/7\/2026\/03\/MardufOP1-2026-03-11A-1200x1150.jpg\" class=\"attachment-thumbnail size-thumbnail wp-post-image\" alt=\"\" style=\"\" data-attachment-id=\"22292\" data-permalink=\"https:\/\/inzeweb.net\/xaviergorce\/2026\/03\/26\/prologue-je-pars-rencontrer-les-manchots-les-vrais\/mardufop1-2026-03-11a\/\" data-orig-file=\"https:\/\/inzeweb.net\/xaviergorce\/wp-content\/uploads\/sites\/7\/2026\/03\/MardufOP1-2026-03-11A.jpg\" data-orig-size=\"1530,1150\" data-comments-opened=\"0\" data-image-meta=\"{&quot;aperture&quot;:&quot;0&quot;,&quot;credit&quot;:&quot;&quot;,&quot;camera&quot;:&quot;&quot;,&quot;caption&quot;:&quot;&quot;,&quot;created_timestamp&quot;:&quot;0&quot;,&quot;copyright&quot;:&quot;&quot;,&quot;focal_length&quot;:&quot;0&quot;,&quot;iso&quot;:&quot;0&quot;,&quot;shutter_speed&quot;:&quot;0&quot;,&quot;title&quot;:&quot;&quot;,&quot;orientation&quot;:&quot;0&quot;}\" data-image-title=\"MardufOP1-2026-03-11A\" data-image-description=\"\" data-image-caption=\"\" data-medium-file=\"https:\/\/inzeweb.net\/xaviergorce\/wp-content\/uploads\/sites\/7\/2026\/03\/MardufOP1-2026-03-11A-1200x902.jpg\" data-large-file=\"https:\/\/inzeweb.net\/xaviergorce\/wp-content\/uploads\/sites\/7\/2026\/03\/MardufOP1-2026-03-11A-1024x770.jpg\" \/><\/div><a class=\"wp-block-latest-posts__post-title\" href=\"https:\/\/inzeweb.net\/xaviergorce\/2026\/03\/26\/prologue-je-pars-rencontrer-les-manchots-les-vrais\/\">Prologue : \u00ab\u00a0Je pars rencontrer les manchots, les vrais\u00a0\u00bb<\/a><time datetime=\"2026-03-26T01:37:55+01:00\" class=\"wp-block-latest-posts__post-date\">26 mars 2026<\/time><div class=\"wp-block-latest-posts__post-full-content\"><!-- wp:paragraph -->\n<p><br>Le dessinateur a embarqu\u00e9 \u00e0 bord du \u00ab\u00a0Marion-Dufresne\u00a0\u00bb pour une rotation d\u2019un mois dans les \u00eeles australes, depuis La R\u00e9union. Un mois de mise en pause de ses manchots de papier pour aller rencontrer les vrais. Son journal de bord sur le \u00ab\u00a0Marduf\u00a0\u00bb est \u00e0 suivre sur \u00ab\u00a0Le Point\u00a0\u00bb.<\/p>\n<!-- \/wp:paragraph -->\n\n<!-- wp:paragraph -->\n<p><a href=\"https:\/\/www.lepoint.fr\/sciences-nature\/xavier-gorce-je-pars-rencontrer-les-manchots-les-vrais-6VP3LJSEDVH5FNZ335WWTV2ISY\/\">lire la suite sur Le Point<\/a><\/p>\n<!-- \/wp:paragraph -->\n\n<!-- wp:paragraph -->\n<p><\/p>\n<!-- \/wp:paragraph --><\/div><\/li>\n<\/ul>\n\n\n<hr class=\"wp-block-separator has-text-color has-alpha-channel-opacity has-background is-style-wide\" style=\"background-color:#efefef;color:#efefef\"\/>\n\n\n\n<h6 class=\"wp-block-heading\">Recevoir ma newsletter<\/h6>\n\n\n  \n  \n  <div class=\"\n    mailpoet_form_popup_overlay\n      \"><\/div>\n  <div\n    id=\"mailpoet_form_2\"\n    class=\"\n      mailpoet_form\n      mailpoet_form_html\n      mailpoet_form_position_\n      mailpoet_form_animation_\n    \"\n      >\n\n    <style type=\"text\/css\">\n     #mailpoet_form_2 .mailpoet_form {  }\n#mailpoet_form_2 form { margin-bottom: 0; }\n#mailpoet_form_2 p.mailpoet_form_paragraph.last { margin-bottom: 0px; }\n#mailpoet_form_2 h2.mailpoet-heading { margin: -10px 0 10px 0; }\n#mailpoet_form_2 .mailpoet_column_with_background { padding: 10px; }\n#mailpoet_form_2 .mailpoet_form_column:not(:first-child) { margin-left: 20px; }\n#mailpoet_form_2 .mailpoet_paragraph { line-height: 20px; margin-bottom: 20px; }\n#mailpoet_form_2 .mailpoet_segment_label, #mailpoet_form_2 .mailpoet_text_label, #mailpoet_form_2 .mailpoet_textarea_label, #mailpoet_form_2 .mailpoet_select_label, #mailpoet_form_2 .mailpoet_radio_label, #mailpoet_form_2 .mailpoet_checkbox_label, #mailpoet_form_2 .mailpoet_list_label, #mailpoet_form_2 .mailpoet_date_label { display: block; font-weight: normal; }\n#mailpoet_form_2 .mailpoet_text, #mailpoet_form_2 .mailpoet_textarea, #mailpoet_form_2 .mailpoet_select, #mailpoet_form_2 .mailpoet_date_month, #mailpoet_form_2 .mailpoet_date_day, #mailpoet_form_2 .mailpoet_date_year, #mailpoet_form_2 .mailpoet_date { display: block; }\n#mailpoet_form_2 .mailpoet_text, #mailpoet_form_2 .mailpoet_textarea { width: 200px; }\n#mailpoet_form_2 .mailpoet_checkbox {  }\n#mailpoet_form_2 .mailpoet_submit {  }\n#mailpoet_form_2 .mailpoet_divider {  }\n#mailpoet_form_2 .mailpoet_message {  }\n#mailpoet_form_2 .mailpoet_form_loading { width: 30px; text-align: center; line-height: normal; }\n#mailpoet_form_2 .mailpoet_form_loading > span { width: 5px; height: 5px; background-color: #5b5b5b; }#mailpoet_form_2{border-radius: 14px;background: linear-gradient(180deg,rgb(104,145,171) 0%,rgba(81,190,224,0.28) 100%);text-align: center;}#mailpoet_form_2 form.mailpoet_form {padding: 22px;}#mailpoet_form_2{width: 100%;}#mailpoet_form_2 .mailpoet_message {margin: 0; padding: 0 20px;}\n        #mailpoet_form_2 .mailpoet_validate_success {color: #00d084}\n        #mailpoet_form_2 input.parsley-success {color: #00d084}\n        #mailpoet_form_2 select.parsley-success {color: #00d084}\n        #mailpoet_form_2 textarea.parsley-success {color: #00d084}\n      \n        #mailpoet_form_2 .mailpoet_validate_error {color: #cf2e2e}\n        #mailpoet_form_2 input.parsley-error {color: #cf2e2e}\n        #mailpoet_form_2 select.parsley-error {color: #cf2e2e}\n        #mailpoet_form_2 textarea.textarea.parsley-error {color: #cf2e2e}\n        #mailpoet_form_2 .parsley-errors-list {color: #cf2e2e}\n        #mailpoet_form_2 .parsley-required {color: #cf2e2e}\n        #mailpoet_form_2 .parsley-custom-error-message {color: #cf2e2e}\n      #mailpoet_form_2 .mailpoet_paragraph.last {margin-bottom: 0} @media (max-width: 500px) {#mailpoet_form_2 {background: linear-gradient(180deg,rgb(104,145,171) 0%,rgba(81,190,224,0.28) 100%);}} @media (min-width: 500px) {#mailpoet_form_2 .last .mailpoet_paragraph:last-child {margin-bottom: 0}}  @media (max-width: 500px) {#mailpoet_form_2 .mailpoet_form_column:last-child .mailpoet_paragraph:last-child {margin-bottom: 0}} \n    <\/style>\n\n    <form\n      target=\"_self\"\n      method=\"post\"\n      action=\"https:\/\/inzeweb.net\/xaviergorce\/wp-admin\/admin-post.php?action=mailpoet_subscription_form\"\n      class=\"mailpoet_form mailpoet_form_form mailpoet_form_html\"\n      novalidate\n      data-delay=\"\"\n      data-exit-intent-enabled=\"\"\n      data-font-family=\"\"\n      data-cookie-expiration-time=\"\"\n    >\n      <input type=\"hidden\" name=\"data[form_id]\" value=\"2\" \/>\n      <input type=\"hidden\" name=\"token\" value=\"42861c8872\" \/>\n      <input type=\"hidden\" name=\"api_version\" value=\"v1\" \/>\n      <input type=\"hidden\" name=\"endpoint\" value=\"subscribers\" \/>\n      <input type=\"hidden\" name=\"mailpoet_method\" value=\"subscribe\" \/>\n\n      <label class=\"mailpoet_hp_email_label\" style=\"display: none !important;\">Veuillez laisser ce champ vide<input type=\"email\" name=\"data[email]\"\/><\/label><div class=\"mailpoet_paragraph \"><style>input[name=\"data[form_field_NTU3YmVjODk4OWFkX2ZpcnN0X25hbWU=]\"]::placeholder{color:#5b8ba7;opacity: 1;}<\/style><input type=\"text\" autocomplete=\"given-name\" class=\"mailpoet_text\" id=\"form_first_name_2\" name=\"data[form_field_NTU3YmVjODk4OWFkX2ZpcnN0X25hbWU=]\" title=\"Pr\u00e9nom\" value=\"\" style=\"background-color:#ffffff;border-style:solid;border-radius:0px !important;border-width:0px;border-color:#313131;padding:12px;margin: 0 auto;font-family:&#039;Ubuntu&#039;;font-size:13px;line-height:1.5;height:auto;color:#5b8ba7;\" data-automation-id=\"form_first_name\"  placeholder=\"Pr\u00e9nom\" aria-label=\"Pr\u00e9nom\" data-parsley-errors-container=\".mailpoet_error_1hyla\" data-parsley-names='[&quot;Veuillez sp\u00e9cifier un nom valide.&quot;,&quot;Les adresses dans les noms ne sont pas autoris\u00e9es, veuillez ajouter votre nom \u00e0 la place.&quot;]'\/><span class=\"mailpoet_error_1hyla\"><\/span><\/div>\n<div class=\"mailpoet_paragraph \"><style>input[name=\"data[form_field_MzZiMWMxYWUyYmIxX2xhc3RfbmFtZQ==]\"]::placeholder{color:#5b8ba7;opacity: 1;}<\/style><input type=\"text\" autocomplete=\"family-name\" class=\"mailpoet_text\" id=\"form_last_name_2\" name=\"data[form_field_MzZiMWMxYWUyYmIxX2xhc3RfbmFtZQ==]\" title=\"Nom\" value=\"\" style=\"background-color:#ffffff;border-style:solid;border-radius:0px !important;border-width:0px;border-color:#313131;padding:12px;margin: 0 auto;font-family:&#039;Ubuntu&#039;;font-size:13px;line-height:1.5;height:auto;color:#5b8ba7;\" data-automation-id=\"form_last_name\"  placeholder=\"Nom\" aria-label=\"Nom\" data-parsley-errors-container=\".mailpoet_error_1ulvv\" data-parsley-names='[&quot;Veuillez sp\u00e9cifier un nom valide.&quot;,&quot;Les adresses dans les noms ne sont pas autoris\u00e9es, veuillez ajouter votre nom \u00e0 la place.&quot;]'\/><span class=\"mailpoet_error_1ulvv\"><\/span><\/div>\n<div class=\"mailpoet_paragraph \"><style>input[name=\"data[form_field_ZDllNjk4MGE3NWViX2VtYWls]\"]::placeholder{color:#5b8ba7;opacity: 1;}<\/style><input type=\"email\" autocomplete=\"email\" class=\"mailpoet_text\" id=\"form_email_2\" name=\"data[form_field_ZDllNjk4MGE3NWViX2VtYWls]\" title=\"Adresse e-mail\" value=\"\" style=\"background-color:#ffffff;border-style:solid;border-radius:0px !important;border-width:0px;border-color:#313131;padding:12px;margin: 0 auto;font-family:&#039;Ubuntu&#039;;font-size:13px;line-height:1.5;height:auto;color:#5b8ba7;\" data-automation-id=\"form_email\"  placeholder=\"Adresse e-mail *\" aria-label=\"Adresse e-mail *\" data-parsley-errors-container=\".mailpoet_error_1wlmh\" data-parsley-required=\"true\" required aria-required=\"true\" data-parsley-minlength=\"6\" data-parsley-maxlength=\"150\" data-parsley-type-message=\"Cette valeur doit \u00eatre un e-mail valide.\" data-parsley-required-message=\"Ce champ est n\u00e9cessaire.\"\/><span class=\"mailpoet_error_1wlmh\"><\/span><\/div>\n<div class=\"mailpoet_recaptcha\" data-sitekey=\"6LdgeJgpAAAAAPGieU2kxb1Oc-7nDb0Sv4mXw4T7\" >\n      <div class=\"mailpoet_recaptcha_container\"><\/div>\n      <noscript>\n        <div>\n          <div class=\"mailpoet_recaptcha_noscript_container\">\n            <div>\n              <iframe src=\"https:\/\/www.google.com\/recaptcha\/api\/fallback?k=6LdgeJgpAAAAAPGieU2kxb1Oc-7nDb0Sv4mXw4T7\" frameborder=\"0\" scrolling=\"no\">\n              <\/iframe>\n            <\/div>\n          <\/div>\n          <div class=\"mailpoet_recaptcha_noscript_input\">\n            <textarea id=\"g-recaptcha-response\" name=\"data[recaptcha]\" class=\"g-recaptcha-response\">\n            <\/textarea>\n          <\/div>\n        <\/div>\n      <\/noscript>\n      <input class=\"mailpoet_recaptcha_field\" type=\"hidden\" name=\"recaptchaWidgetId\">\n    <\/div><div class=\"parsley-errors-list parsley-required mailpoet_error_recaptcha\">Ce champ est n\u00e9cessaire.<\/div><div class=\"mailpoet_paragraph \"><input type=\"submit\" class=\"mailpoet_submit\" value=\"Envoyer\" data-automation-id=\"subscribe-submit-button\" data-font-family='Ubuntu' style=\"background-color:#ffffff;border-style:solid;border-radius:27px !important;border-width:1px;border-color:#5b8ba7;padding:12px;margin: 0 auto;font-family:&#039;Ubuntu&#039;;font-size:13px;line-height:1.5;height:auto;color:#5b8ba7;\" \/><span class=\"mailpoet_form_loading\"><span class=\"mailpoet_bounce1\"><\/span><span class=\"mailpoet_bounce2\"><\/span><span class=\"mailpoet_bounce3\"><\/span><\/span><\/div>\n\n      <div class=\"mailpoet_message\">\n        <p class=\"mailpoet_validate_success\"\n                style=\"display:none;\"\n                >V\u00e9rifiez votre boite de r\u00e9ception ou votre r\u00e9pertoire d\u2019ind\u00e9sirables pour confirmer votre abonnement.\n        <\/p>\n        <p class=\"mailpoet_validate_error\"\n                style=\"display:none;\"\n                >        <\/p>\n      <\/div>\n    <\/form>\n\n      <\/div>\n\n  <\/div>\n<\/div>\n","protected":false},"excerpt":{"rendered":"<p>Dernier dessin paru Recevoir ma newsletter<\/p>\n","protected":false},"author":4,"featured_media":0,"parent":0,"menu_order":0,"comment_status":"closed","ping_status":"closed","template":"","meta":{"neve_meta_sidebar":"full-width","neve_meta_container":"contained","neve_meta_enable_content_width":"on","neve_meta_content_width":100,"neve_meta_title_alignment":"","neve_meta_author_avatar":"","neve_post_elements_order":"","neve_meta_disable_header":"","neve_meta_disable_footer":"","neve_meta_disable_title":"on","_themeisle_gutenberg_block_has_review":false,"footnotes":""},"folder":[12],"class_list":["post-6","page","type-page","status-publish","hentry"],"jetpack_sharing_enabled":true,"_links":{"self":[{"href":"https:\/\/inzeweb.net\/xaviergorce\/wp-json\/wp\/v2\/pages\/6","targetHints":{"allow":["GET"]}}],"collection":[{"href":"https:\/\/inzeweb.net\/xaviergorce\/wp-json\/wp\/v2\/pages"}],"about":[{"href":"https:\/\/inzeweb.net\/xaviergorce\/wp-json\/wp\/v2\/types\/page"}],"author":[{"embeddable":true,"href":"https:\/\/inzeweb.net\/xaviergorce\/wp-json\/wp\/v2\/users\/4"}],"replies":[{"embeddable":true,"href":"https:\/\/inzeweb.net\/xaviergorce\/wp-json\/wp\/v2\/comments?post=6"}],"version-history":[{"count":35,"href":"https:\/\/inzeweb.net\/xaviergorce\/wp-json\/wp\/v2\/pages\/6\/revisions"}],"predecessor-version":[{"id":18544,"href":"https:\/\/inzeweb.net\/xaviergorce\/wp-json\/wp\/v2\/pages\/6\/revisions\/18544"}],"wp:attachment":[{"href":"https:\/\/inzeweb.net\/xaviergorce\/wp-json\/wp\/v2\/media?parent=6"}],"wp:term":[{"taxonomy":"folder","embeddable":true,"href":"https:\/\/inzeweb.net\/xaviergorce\/wp-json\/wp\/v2\/folder?post=6"}],"curies":[{"name":"wp","href":"https:\/\/api.w.org\/{rel}","templated":true}]}}